{"id":503,"date":"2018-01-22T13:53:23","date_gmt":"2018-01-22T12:53:23","guid":{"rendered":"https:\/\/www.mailhilfe-shop.de\/produkt\/native-pop3-connector-10-mailboxen-fuer-exchange-2000-2003\/"},"modified":"2021-02-10T09:49:05","modified_gmt":"2021-02-10T08:49:05","slug":"native-pop3-connector-10-mailboxen-fuer-exchange-2000-2003","status":"publish","type":"product","link":"https:\/\/www.mailhilfe-shop.de\/en\/product\/native-pop3-connector-10-mailboxen-fuer-exchange-2000-2003\/","title":{"rendered":"Native POP3 Connector (10 Mailboxen) f\u00fcr Exchange 2000\/2003"},"content":{"rendered":"<div>Die neue Version des beliebten Softwareprodukts &#8211; Native POP3 Connector (NPC) &#8211; ist eine Erweiterung f\u00fcr Microsoft Exchange Server 2000\/2003 und Microsoft Small Business Server 2000\/2003. Das ist ein Connector oder Gateway. In dieser Version wurden viele Programmfeatures hinzugef\u00fcgt und alle bekannten Fehler der vorigen Version beseitigt.<\/div>\n<div>NPC bietet eine Standardl\u00f6sung f\u00fcr das Problem mit dem Posterhalt \u00fcber POP3-Protokol mit Microsoft Exchange Server 2000\/2003 und Microsoft Business Server 2000\/2003 mit installierten Exchange Server (SBS 2000\/2003). NPC ist eine verwandte L\u00f6sung zu Microsoft Exchange Server 2000\/2003- und SBS 2000\/2003-Connector. W\u00e4hrend der Installation hat der Administrator die M\u00f6glichkeit ein neues Typ in die Connectors Exchange System Manager Gruppe zu installieren (auch in SBS Administration Console) &#8211; Native POP3 Connector. Nach der Installation alle Administrationsprozeduren werden verlaufen wie Sie es von Microsoft Exchange 2000\/2003 und SBS 2000\/2003 her kennen.<\/div>\n<div>Wichtigste Produktfeatures<\/div>\n<div><b>Integration<\/b><\/div>\n<ul type=\"disc\">\n<li><i>Vollkommene Integration von Exchange System Manager mit Vertriebsadministrationsfeature.<\/i><br \/>\nNPC ist eine native L\u00f6sung f\u00fcr Exchange Server: Sie k\u00f6nnen es verwalten und konfigurieren, als wenn es ein Standardconnector w\u00e4re. F\u00fcgen Sie es einfach in die Verbindungsgruppe in der Systemsteuerung hinzu. Dann k\u00f6nnen Sie eine Person bestimmen, die f\u00fcr die Verwaltung der POP3-Postf\u00e4cher verantwortlich ist und Sie haben die M\u00f6glichkeit f\u00fcr ihn ein entsprechendes Management Console Applet vorzubereiten.<\/li>\n<li><i>Vollkommene Integration der Active Directory.<\/i><br \/>\nDie ganze NPC Konfiguration ist gespeichert in Active Directory Struktur ihrer Firma in der Verbindungsliste von Microsoft Exchange Server. Sie k\u00f6nnen Zugriff darauf bekommen mit Hilfe jedes Standardarbeitstool mit Active Directory (ADSI Edit und NPC selbst inklusive).<\/li>\n<li><i>Exchange Server Empf\u00e4ngerunterst\u00fctzung.<\/i><br \/>\nNPC liefert Ihre POP3-Post an jeden Empf\u00e4nger: an einen Nutzer, eine Gruppen von Nutzern, an ein Kontakt oder an einen \u00f6ffentlichen Ordner.<\/li>\n<\/ul>\n<div><b>Skalierbarkeit<\/b><\/div>\n<ul type=\"disc\">\n<li><i>Einf\u00fcgen mehrerer Verbindungen in die Laufweggruppe (Routing Group).<\/i><br \/>\nSie k\u00f6nnen Ihre POP3-Postzustellung verwalten, wie Sie es f\u00fcr angebracht halten: Sie k\u00f6nnen die Zustellung aufteilen, indem Sie mehrere NPC-Exemplare (bis zu 255) in Systemsteuerung hinzuf\u00fcgen und die Zustellung auf verschiedene Virtual SMPT Exchange Server aufteilen. Somit k\u00f6nnen Sie NPC in Firmen jeder Gr\u00f6\u00dfe und Struktur nutzen: Sowohl kleine Firmen als auch Gro\u00dfbetriebe.<\/li>\n<li><i>Mehrfachnutzerpostf\u00e4cher.<\/i><br \/>\nNPC unterst\u00fctzt bis zu 65 Tausend Postf\u00e4cher f\u00fcr jede Instanz und deckt somit den ganzen Bedarf Ihrer Firma bez\u00fcglich der Ablage von POP3-Post.<\/li>\n<li><i>Mehrspurige Bearbeitung.<\/i><br \/>\nBearbeitung der Postf\u00e4cher kann simultan erfolgen, was allen Nutzern den Empfang der Post in der Zeit ohne auf die Post von anderen Postf\u00e4chern zu warten<\/li>\n<\/ul>\n<div><b>\u00dcberpr\u00fcfung<\/b><\/div>\n<ul type=\"disc\">\n<li><i>Passendes Pr\u00fcfungssystem mit Hilfe von Event Viewer.<\/i><br \/>\nAlle kritischen Ereignisse w\u00e4hrend der Arbeit von NPC werden in Windows Event Log vermerkt. Somit brauchen Sie keine zus\u00fctzlichen \u00dcberpr\u00fcfungstools: es ist durch das Standerdtool Event Viewer gew\u00e4hrleistet.<\/li>\n<li><i>Regulierbares Berichtssystem der POP3-Protokollereignisse.<\/i><br \/>\nSie k\u00f6nnen die Protokollarbeit mit so vielen Details \u00fcberwachen, wie Sie wollen. Sie k\u00f6nnen die Loggdateien auf der Verbindungsebene verwalten: die maximalle Dateigr\u00f6\u00dfe, die Zeit der Dateierstellung f\u00fcr jede Verbindung einstellen, oder Sie k\u00f6nnen eine gro\u00dfe Datei nutzen. Sie k\u00f6nnen den Ereignisberichtsmodus f\u00fcr jedes Postfach einstellen: nur \u00fcber Fehler berichten oder \u00fcber alle Protokollereignisse mit verschiedenen Ebenen von Details, oder Sie k\u00f6nnen die Berichtserstattung ganz abstellen. Sie haben alles in der Hand: NPC gibt Ihnen jeden erdenkliche Art der Ereignisberichtserstattung.<\/li>\n<li><i>Die ganze Post ist unter Ihrer Kontrolle.<\/i><br \/>\nNPC speichert die empfangene Post im eingestellten Ordner. Au\u00dferdem werden alle Nachrichten im Standard-EML-Format gespeichert. Wenn aus irgendeinem Grund NPC die Nachricht nicht an Empf\u00e4nger oder Administrator zustellen konnte, wird es im Ordner lassen, bis Sie den Grund nicht finden und beseitigen.<\/li>\n<\/ul>\n<div><b>Regulierbarkeit<\/b><\/div>\n<ul type=\"disc\">\n<li><i>Unterst\u00e4tzung der Secure Socket Layer (SSL) Verbindungen.<\/i><br \/>\nWenn die Sicherheitsbestimmungen Ihrer Firma die Nutzung von SSL erfordern, NPC gibt Ihnen eine solche M\u00f6glichkeit: Sie k\u00f6nnen jedes Postfach gem\u00e4\u00df diesen Anforderungen konfigurieren.<\/li>\n<li><i>Unterst\u00fctzung der Secure Passwort Authentification (SPA).<\/i><br \/>\nWenn Ihr POP3-Serviceprovider die Nutzung von SPA erfordert, jedes der NPC-Postf\u00e4cher kann daf\u00fcr konfiguriert werden.<\/li>\n<li><i>Flexible Postfachbearbeitung.<\/i><br \/>\nKonfigurieren Sie die Bearbeitung jedes Postfachs, wie Sie es brauchen: an bestimmten Zeit, Wochentagen oder nach bestimmten Zeitabschnitten. Im Gegensatz zum Standard Microsoft POP3 Connector in Small Business Server, NPC gibt Ihnen die M\u00f6glichkeit Zeitabschnitte auszuw\u00e4hlen die kleiner sind als 15 Minuten. Das Postfach\u00e4berpr\u00fcfungsintervall kann zwischen einer Sekunde und mehreren Stunden variieren.<\/li>\n<li><i>Automatische und manuelle Modi zur die Analyse der Nachrichtenempf\u00e4nger.<\/i><br \/>\nUnabh\u00e4ngig davon, ob Ihre Firma Mehr- oder Einnutzerpostf\u00e4cher benutzt, gibt Ihnen NPC die M\u00f6glichkeit jedes von ihnen zu bearbeiten. Sie k\u00f6nnen einen oder mehrere Empf\u00e4nger f\u00fcr das Potfach einstellen. Zus\u00e4tzlich zu den Standardzeilen (An, CC) k\u00f6nnen Sie Ihre eigenen Zeilen f\u00fcr die Empf\u00e4ngersuche erstellen.<\/li>\n<li><i>Eine Auswahl von erweiterten Optionen f\u00fcr hoch optimierte Nachrichtempfangsprozesse.<\/i><br \/>\nNPC gibt Ihnen verschiedene Werkzeuge zur Anpassung der Nachrichtempfangsprozesse. Sie k\u00f6nnen Ihre Nachrichten auf dem POP3-Server nach dem Erhalt belassen, sie nach einer bestimmten Anzahl von Tagen l\u00f6schen, den Erhalt gro\u00dfer Nachrichten einschr\u00e4nken (Sie k\u00dfnnen sie l\u00dfschen ohne zu empfangen), die Anzahl der empfangenen Nachrichten pro Sitzung einstellen, Nachrichten sortiert nach Gr\u00f6\u00dfe empfangen, etc.<\/li>\n<\/ul>\n<div><b>Systemanforderungen<\/b><\/div>\n<ul type=\"disc\">\n<li>Microsoft Windows Server 2000\/2003 oder Microsoft Small Business Server 2000\/2003;<\/li>\n<li>Microsoft Exchange Server 2000\/2003;<\/li>\n<li>Installierte Administrator- und Schema Admins-Rechte;<\/li>\n<li>Konfigurierte Administratorprivelegien.<\/li>\n<\/ul>\n<p><strong>Download 20-Tage Testversion (<\/strong>1077 KBytes):<\/p>\n<p><strong><a href=\"https:\/\/www.mailhilfe.de\/tools-file-570.zip\">https:\/\/www.mailhilfe.de\/tools-file-570.zip<\/a><\/strong><\/p>\n<div><b>Bestellung<\/b><\/div>\n<p>Die Testversion des Native POP3 Connector hat keine Einschr\u00e4nkungen. Wenn Sie jedoch dieses Programm nach der 20-t\u00e4gigen Testzeit nutzen wollen, ben\u00f6tigen Sie eine Registrierung.<\/p>\n<div>Preise:<\/div>\n<table border=\"0\" cellspacing=\"0\" cellpadding=\"0\">\n<tbody>\n<tr>\n<td>\n<div>10-Mailboxes Lizenz<\/div>\n<\/td>\n<td>\n<div><\/div>\n<\/td>\n<td>\n<div>\u20ac79<\/div>\n<\/td>\n<\/tr>\n<tr>\n<td>\n<div>25-Mailboxes Lizenz<\/div>\n<\/td>\n<td>\n<div><\/div>\n<\/td>\n<td>\n<div>\u20ac149<\/div>\n<\/td>\n<\/tr>\n<tr>\n<td>\n<div>50-Mailboxes Lizenz<\/div>\n<\/td>\n<td>\n<div><\/div>\n<\/td>\n<td>\n<div>\u20ac199<\/div>\n<\/td>\n<\/tr>\n<tr>\n<td>\n<div>SBS Lizenz<\/div>\n<\/td>\n<td>\n<div><\/div>\n<\/td>\n<td>\n<div>\u20ac199<\/div>\n<\/td>\n<\/tr>\n<tr>\n<td>\n<div>Exchange Server Lizenz<\/div>\n<\/td>\n<td>\n<div><\/div>\n<\/td>\n<td>\n<div>\u20ac299<\/div>\n<\/td>\n<\/tr>\n<tr>\n<td>\n<div>Site Lizenz*<\/div>\n<\/td>\n<td>\n<div><\/div>\n<\/td>\n<td>\n<div>\u20ac1499<\/div>\n<\/td>\n<\/tr>\n<\/tbody>\n<\/table>\n<p class=\"t9\">Lizenzbeschreibung:<\/p>\n<ul class=\"t9\">\n<li><i>N-Mailboxes-Lizenzen<\/i> Einschr&#8217;nkung der Anzahl von POP3-Accounts and has no special server-license benefits.<\/li>\n<li><i>Small Business Server license<\/i> uneingeschr\u00e4nkte Anzahl der Postf\u00e4cher und spezielle Serverlizenz-Vorteile, kann nur mit Microsoft Small Business Server 2000\/2003 genutzt werden.<\/li>\n<li><i>Exchange Server license<\/i> uneingeschr\u00e4nkte Anzahl der Postf\u00e4cher jeden Typ der Exchange Server 2000\/2003 Umgebung mit speziellen Serverlizenzvorteilen.<\/li>\n<\/ul>\n<p>Wenn Sie Fragen Sie zu dem Programm haben, stellen Sie diese hier im Forum:<br \/>\n<a href=\"https:\/\/www.mailhilfe.de\/bereich-neu68.html\">https:\/\/www.mailhilfe.de\/bereich-neu68.html<\/a><\/p>\n<p>Im Forum erhalten Sie direkte Antworten von den Entwicklern.<\/p>\n\n","protected":false},"excerpt":{"rendered":"<p>Die neue Version des beliebten Softwareprodukts &#8211; Native POP3 Connector (NPC) &#8211; ist eine Erweiterung f\u00fcr Microsoft Exchange Server 2000\/2003 und Microsoft Small Business Server 2000\/2003. Das ist ein Connector oder Gateway. In dieser Version wurden viele Programmfeatures hinzugef\u00fcgt und alle bekannten Fehler der vorigen Version beseitigt. NPC bietet eine Standardl\u00f6sung f\u00fcr das Problem mit [&hellip;]<\/p>\n","protected":false},"featured_media":504,"comment_status":"open","ping_status":"closed","template":"","meta":[],"product_brand":[],"product_cat":[144],"product_tag":[],"woo-feed-brand":[],"class_list":{"0":"post-503","1":"product","2":"type-product","3":"status-publish","4":"has-post-thumbnail","6":"product_cat-ms-exchange-erweiterungen","8":"first","9":"outofstock","10":"taxable","11":"shipping-taxable","12":"product-type-variable"},"jetpack_sharing_enabled":true,"_links":{"self":[{"href":"https:\/\/www.mailhilfe-shop.de\/en\/wp-json\/wp\/v2\/product\/503","targetHints":{"allow":["GET"]}}],"collection":[{"href":"https:\/\/www.mailhilfe-shop.de\/en\/wp-json\/wp\/v2\/product"}],"about":[{"href":"https:\/\/www.mailhilfe-shop.de\/en\/wp-json\/wp\/v2\/types\/product"}],"replies":[{"embeddable":true,"href":"https:\/\/www.mailhilfe-shop.de\/en\/wp-json\/wp\/v2\/comments?post=503"}],"wp:featuredmedia":[{"embeddable":true,"href":"https:\/\/www.mailhilfe-shop.de\/en\/wp-json\/wp\/v2\/media\/504"}],"wp:attachment":[{"href":"https:\/\/www.mailhilfe-shop.de\/en\/wp-json\/wp\/v2\/media?parent=503"}],"wp:term":[{"taxonomy":"product_brand","embeddable":true,"href":"https:\/\/www.mailhilfe-shop.de\/en\/wp-json\/wp\/v2\/product_brand?post=503"},{"taxonomy":"product_cat","embeddable":true,"href":"https:\/\/www.mailhilfe-shop.de\/en\/wp-json\/wp\/v2\/product_cat?post=503"},{"taxonomy":"product_tag","embeddable":true,"href":"https:\/\/www.mailhilfe-shop.de\/en\/wp-json\/wp\/v2\/product_tag?post=503"},{"taxonomy":"woo-feed-brand","embeddable":true,"href":"https:\/\/www.mailhilfe-shop.de\/en\/wp-json\/wp\/v2\/woo-feed-brand?post=503"}],"curies":[{"name":"wp","href":"https:\/\/api.w.org\/{rel}","templated":true}]}}