{"id":414,"date":"2018-01-22T13:53:15","date_gmt":"2018-01-22T12:53:15","guid":{"rendered":"https:\/\/www.mailhilfe-shop.de\/produkt\/newsgroups-nntp-fuer-outlook\/"},"modified":"2024-01-08T16:00:57","modified_gmt":"2024-01-08T15:00:57","slug":"newsgroups-nntp-fuer-outlook","status":"publish","type":"product","link":"https:\/\/www.mailhilfe-shop.de\/en\/product\/newsgroups-nntp-fuer-outlook\/","title":{"rendered":"Newsgroups (NNTP) fuer Outlook"},"content":{"rendered":"<div class=\"\">\n<p><b>NNTP for Outlook <\/b><\/p>\n<p>Wenn Sie Newsgroups nutzen wollen und MS Outlook Ihr Standard Emailprogramm ist, k\u00f6nnen Sie Newsgroups nur mit einem Extraprogramm, z.B. Outlook Express nutzen. Mit dem Programm <b>NNTP for Outlook <\/b>k\u00f6nnen Sie Newsgroups direkt in Outlook nutzen<b>. <\/b>Dieses Tool erlaubt es Ihnen in Newsgroups mit Microsoft <b>Outlook<\/b> 2000 2002\/XP und 2003 Nachrichten zu lesen und zu schreiben. Microsoft Outlookbenutzer erhalten jetzt die Gelegenheit, mit Newsgroups zu arbeiten, auch wenn Sie ein Microsoft Exchange Netzwerk nutzen. So ben\u00f6tigen Sie kein zus\u00e4tzliches Programm wie z.B. Outlook Express, um in den Newsgroups zu lesen oder zu schreiben.<\/p>\n<p>Die Programm-Schnittstelle funktioniert \u00e4hnlich wie Sie es von Outlook-Express her kennen, so hoffen wir, dass Sie keine Probleme, bei der Verwendung von <b>NNTP for Outlook<\/b> haben werden<b>. <\/b>Jetzt k\u00f6nnen Sie uns alle Funktionen vom &#8220;gro\u00dfen&#8221; Microsoft <b>Outlook<\/b> benutzen, und gleichzeitig mit den Informationen aus den Newsgroups arbeiten!<\/p>\n<p><b>Merkmale<\/b><\/p>\n<p><b>Echter MAPI-Transport<\/b>. MAPILab NNTP ist kein Addon; es ist ein vollfunktionsf\u00e4higer-NNTP-Server f\u00fcr das normale Microsoft <b>Outlook<\/b> Programm. <b>NTTP for Outlook<\/b> funktioniert genauso wie ein Nachrichtenkonto, wie Sie es von einem Microsoft- Exchange Server oder von einem POP3\/SMTP Konto her kennen. Sie k\u00f6nnen Ihr Newsgroup-Konto in den Bereich Senden\/Empfangen hinzuf\u00fcgen, um die Nachrichten aus der Newsgroup zusammen mit den Standard Emailkonten abzurufen, oder Sie k\u00f6nnen eine weitere Gruppe erstellen und den Scheduler (Zeitplaner) von Outlook benutzen, um die neuen Newsgroup-Nachrichten zu einem bestimmten Zeitpunkt abzurufen.<\/p>\n<p><b>Nur Betreffzeilen (Header) abrufen<\/b>. Da MAPILab NNTP ein MAPI-Transportprotokoll ist, unterst\u00fctzt es die Funktion nur <i>Kopfzeilen<\/i> abrufen. So k\u00f6nnen Sie Nachrichten ausw\u00e4hlen, die f\u00fcr Sie interessant sind und diese dann vollst\u00e4ndig auf Ihren Rechner herunterladen. Von den anderen Nachrichten sehenSie nur die Betreffzeile. Das spart viel Platz und Zeit.<\/p>\n<p><b>Volle Unterst\u00fctzung von MIME-, RTF- und HTML-Format<\/b>. MAPILab NNTP unterst\u00fctzt alle Postformate und -Encodings, die von Microsoft Outlook verwendet werden. Aus diesem Grund, wird ein Outlook-Express-Benutzer Ihre Nachricht immer genauso sehen, wie Sie es sehen und importierte HTML-Nachrichten in <b>Outlook<\/b>-Express und Microsoft <b>Outlook<\/b> gleich angezeigen.<\/p>\n<p><b>Unterst\u00fctzung von \u00f6ffentlichen Ordnern<\/b>. Sie k\u00f6nnen die Newsgroup Beitr\u00e4ge in einem \u00f6ffentlichen Ordner, z.B. auf einem Microsoft- Exchange oder Public ShareFolder Server speichern. So stellen Sie Ihren Mitarbeitern einen vollen Zugang zu den Newsgroups zur Verf\u00fcgung. Das spart viel Zeit da sich alle Nachrichten sich im \u00f6ffentlichen Ordner befinden und diese nur einmal heruntergeladen werden m\u00fcssen.<\/p>\n<p><b><span lang=\"\">Testen Sie NNTP for Outlook!<\/span><\/b> Sie k\u00f6nnen das Programm 30 Tage lang kostenlos testen! Hier gibt es das Programm herunterzuladen:<\/p>\n<p><a href=\"https:\/\/www.mailhilfe.de\/tools-file-543.zip%3C\/a%3E%3C\/p%3E%3Cp%3E%3Cspan%20black=\">Wie sie <b>NNTP for Outlook <\/b>installieren, k\u00f6nnen Sie sich in diesem Video ansehen.<\/a><\/p>\n<p><a href=\"https:\/\/www.mailhilfe.de\/tools-file-543.zip%3C\/a%3E%3C\/p%3E%3Cp%3E%3Cspan%20black=\"><span lang=\"\">Download Video (1<span class=\"\">,63<\/span> MB): <\/span><\/a><a href=\"https:\/\/www.mailhilfe-shop.de\/admin\/%5C%22https:\/\/www.mailhilfe.de\/Download\/nntptour1.exe%5C%22\">https:\/\/www.mailhilfe.de\/Download\/nntptour1.exe<\/a><\/p>\n<p><b>System-Anforderungen<\/b><\/p>\n<p><b>NNTP for Outlook <\/b>ben\u00f6tigt eine<b> <\/b>Microsoft Windows Installation.<\/p>\n<p>MAPILab NNTP ist nicht kostenlos. Nach der 30t\u00e4gigen Testzeit wird bei einem Kauf das Programm mit einem Freischaltcode zur Vollversion freigeschaltet.<\/p>\n<\/div>\n<div>\n<p><span style=\"font-size: 9pt; color: black; font-family: Verdana;\">Sie K\u00f6nnen die Vollversion hier \u00fcber den Mailhilfe-Shop per Bank\u00fcberweisung, Kreditkarte oder per <span class=\"SpellE\">Paypal<\/span> kaufen. <\/span><\/p>\n<table border=\"0\" width=\"405\" cellspacing=\"0\" cellpadding=\"0\">\n<tbody>\n<tr>\n<td class=\"Normal\" width=\"189\">\n<p style=\"line-height: 12pt;\"><span style=\"color: black; font-family: Arial;\">Einzelne Benutzerlizenz<\/span><\/p>\n<\/td>\n<td class=\"Normal\" valign=\"top\" width=\"57\"><\/td>\n<td class=\"Normal\" valign=\"top\" width=\"66\">\n<p style=\"line-height: 12pt;\"><span style=\"color: black; font-family: Arial;\">\u20ac28,56<\/span><\/p>\n<\/td>\n<\/tr>\n<tr>\n<td class=\"Normal\" width=\"189\">\n<p style=\"line-height: 12pt;\"><span style=\"color: black; font-family: Arial;\">5er-Benutzer-Lizenz<\/span><\/p>\n<\/td>\n<td class=\"Normal\" valign=\"top\" width=\"57\"><\/td>\n<td class=\"Normal\" valign=\"top\" width=\"66\">\n<p style=\"line-height: 12pt;\"><span style=\"color: black; font-family: Arial;\">\u20ac130,09<\/span><\/p>\n<\/td>\n<\/tr>\n<tr>\n<td class=\"Normal\" width=\"189\">\n<p style=\"line-height: 12pt;\"><span style=\"color: black; font-family: Arial;\">10er-Benutzer-Lizenz<\/span><\/p>\n<\/td>\n<td class=\"Normal\" valign=\"top\" width=\"57\"><\/td>\n<td class=\"Normal\" valign=\"top\" width=\"66\">\n<p style=\"line-height: 12pt;\"><span style=\"color: black; font-family: Arial;\">\u20ac226,10<\/span><\/p>\n<\/td>\n<\/tr>\n<tr>\n<td class=\"Normal\" width=\"189\">\n<p style=\"line-height: 12pt;\"><span style=\"color: black; font-family: Arial;\">25er-Benutzer-Lizenz<\/span><\/p>\n<\/td>\n<td class=\"Normal\" valign=\"top\" width=\"57\"><\/td>\n<td class=\"Normal\" valign=\"top\" width=\"66\">\n<p style=\"line-height: 12pt;\"><span style=\"color: black; font-family: Arial;\">\u20ac535,50<\/span><\/p>\n<\/td>\n<\/tr>\n<tr>\n<td class=\"Normal\" width=\"189\">\n<p style=\"line-height: 12pt;\"><span style=\"color: black; font-family: Arial;\">50er-Benutzer-Lizenz<\/span><\/p>\n<\/td>\n<td class=\"Normal\" valign=\"top\" width=\"57\"><\/td>\n<td class=\"Normal\" valign=\"top\" width=\"66\">\n<p style=\"line-height: 12pt;\"><span style=\"color: black; font-family: Arial;\">\u20ac952<\/span><\/p>\n<\/td>\n<\/tr>\n<tr>\n<td class=\"Normal\" width=\"189\">\n<p style=\"line-height: 12pt;\"><span style=\"color: black; font-family: Arial;\">100er-Benutzer Lizenz *<\/span><\/p>\n<\/td>\n<td class=\"Normal\" valign=\"top\" width=\"57\"><\/td>\n<td class=\"Normal\" valign=\"top\" width=\"66\">\n<p style=\"line-height: 12pt;\"><span style=\"color: black; font-family: Arial;\">\u20ac1428<\/span><\/p>\n<\/td>\n<\/tr>\n<\/tbody>\n<\/table>\n<p>Alle Preisangaben sind inkl. 19 % MwSt.<\/p>\n<p><b>* wenn Sie an einer Lizenz f\u00fcr mehr als 100 Nutzer interessiert sind, schreiben Sie uns bitte \u00fcber dieses Formular:<\/b><\/p>\n<p>&nbsp;<\/p>\n<p>Haben Sie Fragen zu dem Programm?<\/p>\n<\/div>\n<div>Dann stellen Sie Ihre Frage, einfach in das Mapilab-Forum:<\/div>\n<div><a title=\"\" href=\"https:\/\/www.mailhilfe.de\/bereich-neu68.html\" target=\"\" rel=\"noopener\">https:\/\/www.mailhilfe.de\/bereich-neu68.html<\/a><\/div>\n<div><\/div>\n<div>Hier antworten Ihnen die Entwickler!<\/div>\n","protected":false},"excerpt":{"rendered":"<p>NNTP for Outlook Wenn Sie Newsgroups nutzen wollen und MS Outlook Ihr Standard Emailprogramm ist, k\u00f6nnen Sie Newsgroups nur mit einem Extraprogramm, z.B. Outlook Express nutzen. Mit dem Programm NNTP for Outlook k\u00f6nnen Sie Newsgroups direkt in Outlook nutzen. Dieses Tool erlaubt es Ihnen in Newsgroups mit Microsoft Outlook 2000 2002\/XP und 2003 Nachrichten zu [&hellip;]<\/p>\n","protected":false},"featured_media":415,"comment_status":"open","ping_status":"closed","template":"","meta":[],"product_brand":[],"product_cat":[135],"product_tag":[],"woo-feed-brand":[],"class_list":{"0":"post-414","1":"product","2":"type-product","3":"status-publish","4":"has-post-thumbnail","6":"product_cat-produktivitaet-von-outlook","8":"first","9":"instock","10":"taxable","11":"shipping-taxable","12":"purchasable","13":"product-type-variable"},"jetpack_sharing_enabled":true,"_links":{"self":[{"href":"https:\/\/www.mailhilfe-shop.de\/en\/wp-json\/wp\/v2\/product\/414","targetHints":{"allow":["GET"]}}],"collection":[{"href":"https:\/\/www.mailhilfe-shop.de\/en\/wp-json\/wp\/v2\/product"}],"about":[{"href":"https:\/\/www.mailhilfe-shop.de\/en\/wp-json\/wp\/v2\/types\/product"}],"replies":[{"embeddable":true,"href":"https:\/\/www.mailhilfe-shop.de\/en\/wp-json\/wp\/v2\/comments?post=414"}],"wp:featuredmedia":[{"embeddable":true,"href":"https:\/\/www.mailhilfe-shop.de\/en\/wp-json\/wp\/v2\/media\/415"}],"wp:attachment":[{"href":"https:\/\/www.mailhilfe-shop.de\/en\/wp-json\/wp\/v2\/media?parent=414"}],"wp:term":[{"taxonomy":"product_brand","embeddable":true,"href":"https:\/\/www.mailhilfe-shop.de\/en\/wp-json\/wp\/v2\/product_brand?post=414"},{"taxonomy":"product_cat","embeddable":true,"href":"https:\/\/www.mailhilfe-shop.de\/en\/wp-json\/wp\/v2\/product_cat?post=414"},{"taxonomy":"product_tag","embeddable":true,"href":"https:\/\/www.mailhilfe-shop.de\/en\/wp-json\/wp\/v2\/product_tag?post=414"},{"taxonomy":"woo-feed-brand","embeddable":true,"href":"https:\/\/www.mailhilfe-shop.de\/en\/wp-json\/wp\/v2\/woo-feed-brand?post=414"}],"curies":[{"name":"wp","href":"https:\/\/api.w.org\/{rel}","templated":true}]}}